{"id":1312,"date":"2021-08-31T10:42:09","date_gmt":"2021-08-31T10:42:09","guid":{"rendered":"http:\/\/www.timinggates.net\/?page_id=1312"},"modified":"2021-08-31T11:23:59","modified_gmt":"2021-08-31T11:23:59","slug":"dostava","status":"publish","type":"page","link":"http:\/\/www.timinggates.net\/index.php\/dostava\/","title":{"rendered":"Dostava"},"content":{"rendered":"\n\t<section class=\"section hide-for-medium\" id=\"section_566386009\">\n\t\t<div class=\"bg section-bg fill bg-fill  bg-loaded\" >\n\n\t\t\t\n\t\t\t\n\t\t\t\n\n\t\t<\/div>\n\n\t\t<div class=\"section-content relative\">\n\t\t\t\n\n<div class=\"row row-collapse row-full-width align-middle\"  id=\"row-1545573128\">\n\n\n\t<div class=\"col medium-12 small-12 large-12\"  >\n\t\t<div class=\"col-inner\"  >\n\t\t\t\n\t\t\t\n\n\n  <div class=\"banner has-hover\" id=\"banner-2147111720\">\n          <div class=\"banner-inner fill\">\n        <div class=\"banner-bg fill\" >\n            <div class=\"bg fill bg-fill \"><\/div>\n                        <div class=\"overlay\"><\/div>            \n                    <\/div>\n        <div class=\"banner-layers container\">\n            <div class=\"fill banner-link\"><\/div>            \n\n   <div id=\"text-box-694683791\" class=\"text-box banner-layer text-box-square x50 md-x50 lg-x50 y0 md-y0 lg-y0 res-text\">\n                                <div class=\"text dark\">\n              \n              <div class=\"text-inner text-center\">\n                  \n\n<h1 style=\"font-size: 40px; text-align: center;margin-top:-480px;text-align:left\">Dostava<\/h1>\n<hr style=\" height: 5px;background-color: white;border: none;\">\n<p style=\"text-align: left; padding-top:20px;font-size:18px\">Ponudnik bo blago oziroma storitev dostavil v dogovorjenem roku.<br \/>\nPonudnik pridr\u017euje pravico izbrati poljubno dostavno slu\u017ebo, \u010de bo s tem lahko naro\u010dilo izpolnil bolj u\u010dinkovito in v skladu s ceno\/stro\u0161kom po\u0161iljanja, kot je navedeno ob naro\u010dilu.<\/p>\n\n              <\/div>\n           <\/div>\n                            \n<style scope=\"scope\">\n\n#text-box-694683791 .text {\n  background-color: rgba(0, 0, 0, 0);\n  font-size: 100%;\n}\n#text-box-694683791 .text-inner {\n  padding: 0px 30px 0px 30px;\n}\n#text-box-694683791 {\n  width: 69%;\n}\n<\/style>\n    <\/div>\n \n\n        <\/div>\n      <\/div>\n\n            \n<style scope=\"scope\">\n\n#banner-2147111720 {\n  padding-top: 75%;\n  background-color: rgb(255, 255, 255);\n}\n#banner-2147111720 .bg.bg-loaded {\n  background-image: url(http:\/\/www.timinggates.net\/wp-content\/uploads\/2021\/08\/sdsaras-1024x322.png);\n}\n#banner-2147111720 .overlay {\n  background-color: rgba(0, 0, 0, 0.62);\n}\n#banner-2147111720 .bg {\n  background-position: 0% 24%;\n}\n\n\n@media (min-width:550px) {\n\n  #banner-2147111720 {\n    padding-top: 554px;\n  }\n\n}\n<\/style>\n  <\/div>\n\n\n<div class=\"row row-collapse row-full-width\"  id=\"row-1835405064\">\n\n\n\t<div class=\"col medium-3 small-12 large-3\"  >\n\t\t<div class=\"col-inner\"  >\n\t\t\t\n\t\t\t\n\n\n\t\t<\/div>\n\t<\/div>\n\n\t\n\n\t<div class=\"col medium-7 small-12 large-7\"  >\n\t\t<div class=\"col-inner\"  >\n\t\t\t\n\t\t\t\n\n\t<div id=\"gap-950187369\" class=\"gap-element clearfix\" style=\"display:block; height:auto;\">\n\t\t\n<style scope=\"scope\">\n\n#gap-950187369 {\n  padding-top: 50px;\n}\n<\/style>\n\t<\/div>\n\t\n\n<table border=\"0\" cellpadding=\"0\" cellspacing=\"0\" style=\"width:100%\">\n<tbody>\n<tr>\n<td><strong>Dr\u017eava<\/strong><\/td>\n<td><strong>Predviden \u010das dostave (dni)<\/strong><\/td>\n<td><strong>Cena dostave (\u20ac)<\/strong><\/td>\n<\/tr>\n<tr>\n<td><span style=\"color:#008000\"><strong>Slovenija<\/strong><\/span><\/td>\n<td><span style=\"color:#008000\">1 (\u010de je artikel na zalogi)<\/span><\/td>\n<td><span style=\"color:#008000\">6,00<\/span><\/td>\n<\/tr>\n<tr>\n<td>Avstrija<\/td>\n<td>2-3<\/td>\n<td>11,00<\/td>\n<\/tr>\n<tr>\n<td>Belgija<\/td>\n<td>3-5<\/td>\n<td>15,00<\/td>\n<\/tr>\n<tr>\n<td>BIH<\/td>\n<td>3-6<\/td>\n<td>14,00<\/td>\n<\/tr>\n<tr>\n<td>\u010ce\u0161ka<\/td>\n<td>2-3<\/td>\n<td>14,00<\/td>\n<\/tr>\n<tr>\n<td>\u010crna Gora<\/td>\n<td>3-6<\/td>\n<td>19,00<\/td>\n<\/tr>\n<tr>\n<td>Danska<\/td>\n<td>4-6<\/td>\n<td>22,00<\/td>\n<\/tr>\n<tr>\n<td>Estonija<\/td>\n<td>4-6<\/td>\n<td>45,00<\/td>\n<\/tr>\n<tr>\n<td>Francija<\/td>\n<td>3-5<\/td>\n<td>22,00<\/td>\n<\/tr>\n<tr>\n<td>Hrva\u0161ka<\/td>\n<td>3-5<\/td>\n<td>10,00<\/td>\n<\/tr>\n<tr>\n<td>Italija<\/td>\n<td>2-3<\/td>\n<td>17,00<\/td>\n<\/tr>\n<tr>\n<td>Latvija<\/td>\n<td>4-6<\/td>\n<td>45,00<\/td>\n<\/tr>\n<tr>\n<td>Litva<\/td>\n<td>3-5<\/td>\n<td>45,00<\/td>\n<\/tr>\n<tr>\n<td>Luksenburg<\/td>\n<td>3-5<\/td>\n<td>15,00<\/td>\n<\/tr>\n<tr>\n<td>Mad\u017earska<\/td>\n<td>2-3<\/td>\n<td>15,00<\/td>\n<\/tr>\n<tr>\n<td>Nem\u010dija<\/td>\n<td>2-4<\/td>\n<td>11,00<\/td>\n<\/tr>\n<tr>\n<td>Nizozemska<\/td>\n<td>3-5<\/td>\n<td>14,00<\/td>\n<\/tr>\n<tr>\n<td>Norve\u0161ka<\/td>\n<td>4-6<\/td>\n<td>67,00<\/td>\n<\/tr>\n<tr>\n<td>Poljska<\/td>\n<td>2-3<\/td>\n<td>20,00<\/td>\n<\/tr>\n<tr>\n<td>Portugalska<\/td>\n<td>5-7<\/td>\n<td>40,00<\/td>\n<\/tr>\n<tr>\n<td>Slova\u0161ka<\/td>\n<td>2-3<\/td>\n<td>14,00<\/td>\n<\/tr>\n<tr>\n<td>Srbija<\/td>\n<td>3-6<\/td>\n<td>16,00<\/td>\n<\/tr>\n<tr>\n<td>\u0160panija<\/td>\n<td>4-6<\/td>\n<td>26,00<\/td>\n<\/tr>\n<tr>\n<td>\u0160vedska<\/td>\n<td>4-6<\/td>\n<td>26,00<\/td>\n<\/tr>\n<tr>\n<td>\u0160vica\/Lichtenstein<\/td>\n<td>3-6<\/td>\n<td>23,00<\/td>\n<\/tr>\n<tr>\n<td>Velika Britanija<\/td>\n<td>4-7<\/td>\n<td>20,00<\/td>\n<\/tr>\n<\/tbody>\n<\/table>\n\t<div id=\"gap-1170010211\" class=\"gap-element clearfix\" style=\"display:block; height:auto;\">\n\t\t\n<style scope=\"scope\">\n\n#gap-1170010211 {\n  padding-top: 30px;\n}\n<\/style>\n\t<\/div>\n\t\n\n\n\t\t<\/div>\n\t<\/div>\n\n\t\n\n\t<div class=\"col medium-2 small-12 large-2\"  >\n\t\t<div class=\"col-inner\"  >\n\t\t\t\n\t\t\t\n\n\n\t\t<\/div>\n\t<\/div>\n\n\t\n\n\n<style scope=\"scope\">\n\n<\/style>\n<\/div>\n\n\t\t<\/div>\n\t<\/div>\n\n\t\n\n\n<style scope=\"scope\">\n\n<\/style>\n<\/div>\n\n\t\t<\/div>\n\n\t\t\n<style scope=\"scope\">\n\n#section_566386009 {\n  padding-top: 0px;\n  padding-bottom: 0px;\n}\n<\/style>\n\t<\/section>\n\t\n\t<section class=\"section show-for-medium\" id=\"section_1259653959\">\n\t\t<div class=\"bg section-bg fill bg-fill  bg-loaded\" >\n\n\t\t\t\n\t\t\t\n\t\t\t\n\n\t\t<\/div>\n\n\t\t<div class=\"section-content relative\">\n\t\t\t\n\n<div class=\"row row-collapse row-full-width align-middle\"  id=\"row-1596427596\">\n\n\n\t<div class=\"col medium-12 small-12 large-12\"  >\n\t\t<div class=\"col-inner\"  >\n\t\t\t\n\t\t\t\n\n\n  <div class=\"banner has-hover\" id=\"banner-1882850812\">\n          <div class=\"banner-inner fill\">\n        <div class=\"banner-bg fill\" >\n            <div class=\"bg fill bg-fill \"><\/div>\n                        <div class=\"overlay\"><\/div>            \n                    <\/div>\n        <div class=\"banner-layers container\">\n            <div class=\"fill banner-link\"><\/div>            \n\n   <div id=\"text-box-1331599410\" class=\"text-box banner-layer text-box-square x50 md-x50 lg-x50 y50 md-y0 lg-y0 res-text\">\n                                <div class=\"text dark\">\n              \n              <div class=\"text-inner text-center\">\n                  \n\n<h1 style=\"font-size: 40px; text-align: center;text-align:left\">Dostava<\/h1>\n<hr style=\" height: 5px;background-color: white;border: none;\">\n<p style=\"text-align: left; padding-top:20px;font-size:18px\">Ponudnik bo blago oziroma storitev dostavil v dogovorjenem roku.<br \/>\nPonudnik pridr\u017euje pravico izbrati poljubno dostavno slu\u017ebo, \u010de bo s tem lahko naro\u010dilo izpolnil bolj u\u010dinkovito in v skladu s ceno\/stro\u0161kom po\u0161iljanja, kot je navedeno ob naro\u010dilu.<\/p>\n\n              <\/div>\n           <\/div>\n                            \n<style scope=\"scope\">\n\n#text-box-1331599410 .text {\n  background-color: rgba(0, 0, 0, 0);\n  font-size: 100%;\n}\n#text-box-1331599410 .text-inner {\n  padding: 0px 30px 0px 30px;\n}\n#text-box-1331599410 {\n  width: 100%;\n}\n\n\n@media (min-width:550px) {\n\n  #text-box-1331599410 {\n    width: 69%;\n  }\n\n}\n<\/style>\n    <\/div>\n \n\n        <\/div>\n      <\/div>\n\n            \n<style scope=\"scope\">\n\n#banner-1882850812 {\n  padding-top: 100%;\n  background-color: rgb(255, 255, 255);\n}\n#banner-1882850812 .bg.bg-loaded {\n  background-image: url(http:\/\/www.timinggates.net\/wp-content\/uploads\/2021\/08\/sdsaras-1024x322.png);\n}\n#banner-1882850812 .overlay {\n  background-color: rgba(0, 0, 0, 0.62);\n}\n#banner-1882850812 .bg {\n  background-position: 62% 46%;\n}\n\n\n@media (min-width:550px) {\n\n  #banner-1882850812 {\n    padding-top: 554px;\n  }\n\n}\n<\/style>\n  <\/div>\n\n\n<div class=\"row row-collapse row-full-width\"  id=\"row-1254950302\">\n\n\n\t<div class=\"col medium-7 small-12 large-7\"  >\n\t\t<div class=\"col-inner\" style=\"padding:0px 20px 0px 15px;\" >\n\t\t\t\n\t\t\t\n\n\t<div id=\"gap-1281855414\" class=\"gap-element clearfix\" style=\"display:block; height:auto;\">\n\t\t\n<style scope=\"scope\">\n\n#gap-1281855414 {\n  padding-top: 50px;\n}\n<\/style>\n\t<\/div>\n\t\n\n<table border=\"0\" cellpadding=\"0\" cellspacing=\"0\" style=\"width:100%\">\n<tbody>\n<tr>\n<td><strong>Dr\u017eava<\/strong><\/td>\n<td><strong>Predviden \u010das dostave (dni)<\/strong><\/td>\n<td><strong>Cena dostave (\u20ac)<\/strong><\/td>\n<\/tr>\n<tr>\n<td><span style=\"color:#008000\"><strong>Slovenija<\/strong><\/span><\/td>\n<td><span style=\"color:#008000\">1 (\u010de je artikel na zalogi)<\/span><\/td>\n<td><span style=\"color:#008000\">6,00<\/span><\/td>\n<\/tr>\n<tr>\n<td>Avstrija<\/td>\n<td>2-3<\/td>\n<td>11,00<\/td>\n<\/tr>\n<tr>\n<td>Belgija<\/td>\n<td>3-5<\/td>\n<td>15,00<\/td>\n<\/tr>\n<tr>\n<td>BIH<\/td>\n<td>3-6<\/td>\n<td>14,00<\/td>\n<\/tr>\n<tr>\n<td>\u010ce\u0161ka<\/td>\n<td>2-3<\/td>\n<td>14,00<\/td>\n<\/tr>\n<tr>\n<td>\u010crna Gora<\/td>\n<td>3-6<\/td>\n<td>19,00<\/td>\n<\/tr>\n<tr>\n<td>Danska<\/td>\n<td>4-6<\/td>\n<td>22,00<\/td>\n<\/tr>\n<tr>\n<td>Estonija<\/td>\n<td>4-6<\/td>\n<td>45,00<\/td>\n<\/tr>\n<tr>\n<td>Francija<\/td>\n<td>3-5<\/td>\n<td>22,00<\/td>\n<\/tr>\n<tr>\n<td>Hrva\u0161ka<\/td>\n<td>3-5<\/td>\n<td>10,00<\/td>\n<\/tr>\n<tr>\n<td>Italija<\/td>\n<td>2-3<\/td>\n<td>17,00<\/td>\n<\/tr>\n<tr>\n<td>Latvija<\/td>\n<td>4-6<\/td>\n<td>45,00<\/td>\n<\/tr>\n<tr>\n<td>Litva<\/td>\n<td>3-5<\/td>\n<td>45,00<\/td>\n<\/tr>\n<tr>\n<td>Luksenburg<\/td>\n<td>3-5<\/td>\n<td>15,00<\/td>\n<\/tr>\n<tr>\n<td>Mad\u017earska<\/td>\n<td>2-3<\/td>\n<td>15,00<\/td>\n<\/tr>\n<tr>\n<td>Nem\u010dija<\/td>\n<td>2-4<\/td>\n<td>11,00<\/td>\n<\/tr>\n<tr>\n<td>Nizozemska<\/td>\n<td>3-5<\/td>\n<td>14,00<\/td>\n<\/tr>\n<tr>\n<td>Norve\u0161ka<\/td>\n<td>4-6<\/td>\n<td>67,00<\/td>\n<\/tr>\n<tr>\n<td>Poljska<\/td>\n<td>2-3<\/td>\n<td>20,00<\/td>\n<\/tr>\n<tr>\n<td>Portugalska<\/td>\n<td>5-7<\/td>\n<td>40,00<\/td>\n<\/tr>\n<tr>\n<td>Slova\u0161ka<\/td>\n<td>2-3<\/td>\n<td>14,00<\/td>\n<\/tr>\n<tr>\n<td>Srbija<\/td>\n<td>3-6<\/td>\n<td>16,00<\/td>\n<\/tr>\n<tr>\n<td>\u0160panija<\/td>\n<td>4-6<\/td>\n<td>26,00<\/td>\n<\/tr>\n<tr>\n<td>\u0160vedska<\/td>\n<td>4-6<\/td>\n<td>26,00<\/td>\n<\/tr>\n<tr>\n<td>\u0160vica\/Lichtenstein<\/td>\n<td>3-6<\/td>\n<td>23,00<\/td>\n<\/tr>\n<tr>\n<td>Velika Britanija<\/td>\n<td>4-7<\/td>\n<td>20,00<\/td>\n<\/tr>\n<\/tbody>\n<\/table>\n\t<div id=\"gap-1043492700\" class=\"gap-element clearfix\" style=\"display:block; height:auto;\">\n\t\t\n<style scope=\"scope\">\n\n#gap-1043492700 {\n  padding-top: 30px;\n}\n<\/style>\n\t<\/div>\n\t\n\n\n\t\t<\/div>\n\t<\/div>\n\n\t\n\n\t<div class=\"col medium-2 small-12 large-2\"  >\n\t\t<div class=\"col-inner\"  >\n\t\t\t\n\t\t\t\n\n\n\t\t<\/div>\n\t<\/div>\n\n\t\n\n\n<style scope=\"scope\">\n\n<\/style>\n<\/div>\n\n\t\t<\/div>\n\t<\/div>\n\n\t\n\n\n<style scope=\"scope\">\n\n<\/style>\n<\/div>\n\n\t\t<\/div>\n\n\t\t\n<style scope=\"scope\">\n\n#section_1259653959 {\n  padding-top: 0px;\n  padding-bottom: 0px;\n}\n<\/style>\n\t<\/section>\n\t\n\n","protected":false},"excerpt":{"rendered":"","protected":false},"author":2,"featured_media":0,"parent":0,"menu_order":0,"comment_status":"closed","ping_status":"closed","template":"page-blank.php","meta":{"footnotes":""},"class_list":["post-1312","page","type-page","status-publish","hentry"],"_links":{"self":[{"href":"http:\/\/www.timinggates.net\/index.php\/wp-json\/wp\/v2\/pages\/1312","targetHints":{"allow":["GET"]}}],"collection":[{"href":"http:\/\/www.timinggates.net\/index.php\/wp-json\/wp\/v2\/pages"}],"about":[{"href":"http:\/\/www.timinggates.net\/index.php\/wp-json\/wp\/v2\/types\/page"}],"author":[{"embeddable":true,"href":"http:\/\/www.timinggates.net\/index.php\/wp-json\/wp\/v2\/users\/2"}],"replies":[{"embeddable":true,"href":"http:\/\/www.timinggates.net\/index.php\/wp-json\/wp\/v2\/comments?post=1312"}],"version-history":[{"count":18,"href":"http:\/\/www.timinggates.net\/index.php\/wp-json\/wp\/v2\/pages\/1312\/revisions"}],"predecessor-version":[{"id":1362,"href":"http:\/\/www.timinggates.net\/index.php\/wp-json\/wp\/v2\/pages\/1312\/revisions\/1362"}],"wp:attachment":[{"href":"http:\/\/www.timinggates.net\/index.php\/wp-json\/wp\/v2\/media?parent=1312"}],"curies":[{"name":"wp","href":"https:\/\/api.w.org\/{rel}","templated":true}]}}