{"id":1340,"date":"2021-08-31T11:06:48","date_gmt":"2021-08-31T11:06:48","guid":{"rendered":"http:\/\/www.timinggates.net\/?page_id=1340"},"modified":"2021-08-31T11:08:57","modified_gmt":"2021-08-31T11:08:57","slug":"splosni-pogoji-sodelovanja","status":"publish","type":"page","link":"http:\/\/www.timinggates.net\/index.php\/splosni-pogoji-sodelovanja\/","title":{"rendered":"Splo\u0161ni pogoji sodelovanja"},"content":{"rendered":"\n<div class=\"row row-full-width\"  id=\"row-1229128168\">\n\n\n\t<div class=\"col medium-2 small-12 large-2\"  >\n\t\t<div class=\"col-inner\"  >\n\t\t\t\n\t\t\t\n\n\n\t\t<\/div>\n\t<\/div>\n\n\t\n\n\t<div class=\"col medium-8 small-12 large-8\"  >\n\t\t<div class=\"col-inner\"  >\n\t\t\t\n\t\t\t\n\n\t<div id=\"gap-1208203891\" class=\"gap-element clearfix\" style=\"display:block; height:auto;\">\n\t\t\n<style scope=\"scope\">\n\n#gap-1208203891 {\n  padding-top: 50px;\n}\n<\/style>\n\t<\/div>\n\t\n\n<div class=\"container section-title-container\" ><h1 class=\"section-title section-title-center\"><b><\/b><span class=\"section-title-main\" style=\"font-size:120%;\">Splo\u0161ni pogoji sodelovanja<\/span><b><\/b><\/h1><\/div>\n\n<div style=\"padding-left: 20px;\">\n<p><strong>1. Splo\u0161no<\/strong><br \/>\u00a0<br \/>Splo\u0161ni pogoji poslovanja so sestavljeni v skladu s predpisi s podro\u010dja varstva potro\u0161nikov, na podlagi priporo\u010dil Gospodarske zbornice Slovenije in mednarodnih kodeksov za spletno in elektronsko poslovanje. S spletno trgovino\u00a0<a href=\"http:\/\/www.golfoprema.si\/\">www.golfoprema.si<\/a>\u00a0(v nadaljevanju kot \u00bbspletna trgovina\u00ab) upravlja BoViAnPlus, Boris Dolin\u0161ek s.p, ponudnik storitev elektronskega poslovanja (v nadaljevanju kot \u00bbTrgovec\u00ab).<br \/>\u00a0<br \/>Z registracijo v spletno trgovino pridobi obiskovalec uporabni\u0161ko ime, ki je enako naslovu njegove elektronske po\u0161te ter uporabni\u0161ko geslo, ki ga dolo\u010di uporabnik sam. Uporabni\u0161ko ime in geslo uporabnika nedvoumno dolo\u010data in povezujeta z vnesenimi podatki. Obiskovalec z registracijo potrdi in jam\u010di, da je polnoletna, popolno poslovno sposobna oseba. Z registracijo obiskovalec postane uporabnik in pridobi pravico do nakupa. Z nakupom izdelka uporabnik postane kupec.<br \/>\u00a0<br \/>S temi Splo\u0161nimi pogoji poslovanja se opredeljuje delovanje spletne trgovine, pravice in dol\u017enosti obiskovalca, uporabnika in kupca ter poslovno razmerje med Trgovcem in uporabnikom kot kupcem izdelkov iz ponudbe spletne trgovine.<br \/>\u00a0<br \/><strong>2. Dostopnost informacij<\/strong><br \/>\u00a0<br \/>Trgovec se zavezuje, da bodo uporabniku vselej na voljo:<br \/>\u00a0<\/p>\n<ul>\n<li>podatki o identiteti Trgovca (predvsem firma in sede\u017e dru\u017ebe ter \u0161tevilka registra, kjer je dru\u017eba vpisana);<\/li>\n<li>kontaktni podatki, ki uporabniku omogo\u010dajo hitro in u\u010dinkovito komunikacijo s Trgovcem (naslov elektronske po\u0161te, telefon ipd.);<\/li>\n<li>informacije o bistvenih zna\u010dilnostih izdelkov oz. storitev iz ponudbe spletne trgovine, vklju\u010dno s poprodajnimi storitvami in garancijami;<\/li>\n<li>informacije o dostopnosti izdelkov oz. storitev iz ponudbe spletne trgovine;<\/li>\n<li>na\u010din in pogoji dostave izdelkov oz. izvr\u0161itve storitev, predvsem kraj in rok dostave;<\/li>\n<li>informacije o na\u010dinu pla\u010dila;<\/li>\n<li>podatki o \u010dasovni veljavnosti ponudbe iz spletne trgovine;<\/li>\n<li>informacije o roku, v katerem je \u0161e mo\u017eno odstopiti od pogodbe in pogojih za odstop;<\/li>\n<li>informacije o mo\u017enosti vra\u010dila izdelkov in o tem, \u010de in koliko tak\u0161no vra\u010dilo stane uporabnika;<\/li>\n<li>informacije o postopku s prito\u017ebo uporabnika ter podatki o kontaktni osebi Trgovca za stike z uporabniki.<\/li>\n<\/ul>\n<p>\u00a0<br \/><strong>3. Ponudba izdelkov, rok dobave in prevzem<\/strong><br \/>\u00a0<br \/>Ponudba izdelkov v spletni trgovini se zaradi narave poslovanja preko spleta pogosto in hitro spreminja ter a\u017eurira.<br \/>\u00a0<br \/>Rok dobave izdelkov, ki so na zalogi, je\u00a05-15\u00a0delovnih dni za dostavne naslove v Sloveniji, razen, \u010de dostavna slu\u017eba na posamezni dostavni naslov dostavlja kasneje (glej to\u010dko 10.).Vsak izdelek iz spletne trgovine je dostopen v razumljivem roku.<br \/>\u00a0<br \/>Uporabnik lahko ob oddaji nakupnega naro\u010dila dolo\u010di enega od naslednjih na\u010dinov prevzema izdelkov:<br \/>\u00a0<\/p>\n<ul>\n<li>osebno na sede\u017eu dru\u017ebe, v tem primeru se ne pla\u010da po\u0161tnih stro\u0161kov;<\/li>\n<li>po po\u0161tnem povzetju, v tem primeru se pla\u010dajo tudi po\u0161tni stro\u0161ki.<\/li>\n<\/ul>\n<p>\u00a0<br \/><strong>4. Na\u010dini pla\u010dila<\/strong><br \/>\u00a0<br \/>Trgovec uporabniku omogo\u010da naslednje na\u010dine pla\u010dila nakupa izdelkov iz spletne trgovine:<br \/>\u00a0<\/p>\n<ul>\n<li>z gotovino ob prevzemu, v tem primeru velja spletna cena (glej to\u010dko 5.);<\/li>\n<li>z vnaprej\u0161nim nakazilom kupnine na transakcijski ra\u010dun Trgovca po izdelani ponudbi oz. predra\u010dunu, v tem primeru velja spletna cena.<\/li>\n<\/ul>\n<p>\u00a0<br \/><strong>5. Cene<\/strong><br \/>\u00a0<br \/>Spletna cena velja za vse registrirane uporabnike spletne trgovine Trgovca. Na spletno ceno so mo\u017eni pribitki, glede na izbrani na\u010din pla\u010dila (glej to\u010dko 4.).<br \/>\u00a0<br \/>Vse cene v spletni trgovini so navedene v evrih in vsebujejo DDV, razen \u010de je izrecno navedeno druga\u010de. Vse cene v spletni trgovini so cene izdelkov in ne vsebujejo stro\u0161kov dostave. Vse cene veljajo samo za elektronsko naro\u010dilo izdelkov prek spletne trgovine.<br \/>\u00a0<br \/>Vse cene veljajo v trenutku oddaje naro\u010dila in nimajo vnaprej dolo\u010dene veljavnosti, zato veljajo le do njihove vsakokratne spremembe. Kljub izjemnim naporom, da bi Trgovec zagotovil najbolj a\u017eurne in to\u010dne podatke, se lahko zgodi, da je podatek o ceni napa\u010den. V primeru iz prej\u0161njega stavka in v primeru, ko se cena izdelka spremeni med obdelavo naro\u010dila, to je od trenutka oddaje naro\u010dila do potrditve naro\u010dila, bo Trgovec:<br \/>\u00a0<\/p>\n<ul>\n<li>uporabniku (kupcu) to sporo\u010dil in ga obvestil o novih cenah, uporabnik (kupec) ima v tak\u0161nem primeru mo\u017enost svoje naro\u010dilo spremeniti ali ga deloma ali v celoti preklicati ali pa potrditi naro\u010dilo po novih cenah, vse brez dodatnih stro\u0161kov; oziroma<\/li>\n<li>uporabniku (kupcu) omogo\u010dil odstop od nakupa in mu hkrati ponudil re\u0161itev, ki bo \u0161la v obojestransko korist in zadovoljstvo.<\/li>\n<\/ul>\n<p>\u00a0<br \/><strong>6. Postopek nakupa<\/strong><br \/>\u00a0<br \/><u>6.1. Tehni\u010dni koraki, ki vodijo do sklenitve kupoprodajne pogodbe<\/u><br \/>\u00a0<br \/>V postopku nakupa so uporabniku (kupcu) na voljo naslednji tehni\u010dni koraki:<br \/>\u00a0<\/p>\n<ul>\n<li>prijava v spletno trgovino z uporabo elektronskega naslova ali uporabni\u0161kega gesla, \u010de si je uporabnik (kupec) \u017ee predhodno oblikoval uporabni\u0161ki ra\u010dun;<\/li>\n<li>iskanje posameznega izdelka v ponudbi izdelkov v spletni trgovini;<\/li>\n<li>izbor izdelka za nakup;<\/li>\n<li>dodajanje izbranega izdelka za nakup v nakupovalno ko\u0161arico;<\/li>\n<li>dolo\u010ditev koli\u010dine izdelka za nakup v nakupovalni ko\u0161arici;<\/li>\n<li>pregled cene izbranega izdelka v izbrani koli\u010dini, vklju\u010dno z obra\u010dunanim davkom, \u010de se ta obra\u010duna;<\/li>\n<li>izbor na\u010dina dostave izdelka (glej tudi to\u010dki 3. in 10.);<\/li>\n<li>izbor na\u010dina pla\u010dila (glej tudi to\u010dko 4.);<\/li>\n<li>pregled naro\u010dila z izbranim na\u010dinom dostave izdelka in obra\u010dunanimi stro\u0161ki dostave, \u010de se ti obra\u010dunajo ter<\/li>\n<li>potrditev in oddaja naro\u010dila ter s tem zaklju\u010dek nakupa (glej tudi to\u010dki 6.3. in 6.4.).<\/li>\n<\/ul>\n<p>\u00a0<br \/><u>6.2. Tehnolo\u0161ka sredstva, ki omogo\u010dajo prepoznavanje in popravljanje napak pred oddajo naro\u010dila<\/u><br \/>\u00a0<br \/>Pred oddajo naro\u010dila je uporabniku (kupcu) prek grafi\u010dnega uporabni\u0161kega vmesnika omogo\u010deno, da s takoj\u0161njim u\u010dinkom, enostavno in brez te\u017eav:<br \/>\u00a0<\/p>\n<ul>\n<li>vidi in pregleda, katere izdelke je izbral in dodal v nakupovalno ko\u0161arico;<\/li>\n<li>vidi in pregleda ceno posameznega izdelka ter skupno ceno celotne izbrane koli\u010dine posameznega izdelka;<\/li>\n<li>spreminja izbrano koli\u010dino posameznega izdelka in izra\u010duna novo ceno tako spremenjene koli\u010dine;<\/li>\n<li>odstranjuje izbrane izdelke, ki jih ne \u017eeli kupiti, iz nakupovalne ko\u0161arice ter<\/li>\n<li>obra\u010dunava pripadajo\u010di davek, glede na dav\u010dno stopnjo, ki velja za izbrani izdelek in njegovo ceno (osnovo za davek).<\/li>\n<\/ul>\n<p>\u00a0<br \/>Pred potrditvijo naro\u010dila je uporabniku (kupcu) prek grafi\u010dnega uporabni\u0161kega vmesnika omogo\u010deno, da s takoj\u0161njim u\u010dinkom, enostavno in brez te\u017eav:<br \/>\u00a0<\/p>\n<ul>\n<li>spreminja izbrani na\u010din dostave izdelka;<\/li>\n<li>spreminja izbrani na\u010din pla\u010dila ter<\/li>\n<li>pregleduje in potrjuje posamezne spremembe.<\/li>\n<\/ul>\n<p>\u00a0<br \/><u>6.3. Naro\u010dilo sprejeto<\/u><br \/>\u00a0<br \/>Po oddaji naro\u010dila uporabnik (kupec) od Trgovca po elektronski po\u0161ti prejme obvestilo, da je naro\u010dilo sprejeto. V roku 1 ure od prejema tega obvestila ima uporabnik (kupec) mo\u017enost preklicati naro\u010dilo brez posledic. Razen mo\u017enosti preklica uporabnik (kupec) po oddaji naro\u010dila ne more spreminjati vsebine naro\u010dila. Uporabniku (kupcu) so v njegovem profilu na spletni strani Trgovca vselej dostopni iz\u010drpni podatki o statusu in vsebini posameznega naro\u010dila.<br \/>\u00a0<br \/><u>6.4. Naro\u010dilo potrjeno<\/u><br \/>\u00a0<br \/>\u010ce uporabnik (kupec) naro\u010dila ne prekli\u010de, gre naro\u010dilo v nadaljnjo obdelavo. Trgovec po prejemu naro\u010dilo pregleda, preveri dobavljivost naro\u010denih izdelkov in naro\u010dilo potrdi oziroma z razlogom zavrne. Trgovec lahko za preverjanje podatkov ali zagotavljanje to\u010dnosti dobave tudi telefonsko kontaktira uporabnika (kupca) na sporo\u010deno kontaktno telefonsko \u0161tevilko. Ob potrditvi naro\u010dila Trgovec uporabnika (kupca) po elektronski po\u0161ti obvesti o predvidenem roku dobave. Kupoprodajna pogodba o nakupu naro\u010denih izdelkov med uporabnikom (kupcem) in Trgovcem je na tej stopnji nepreklicno sklenjena (glej to\u010dko 7.).<br \/>\u00a0<br \/><u>6.5. Blago odpremljeno<\/u><br \/>\u00a0<br \/>Trgovec v dogovorjenem roku naro\u010dene izdelke pripravi, odpo\u0161lje in o tem po elektronski po\u0161ti obvesti uporabnika (kupca). V elektronskem sporo\u010dilu iz prej\u0161njega stavka Trgovec pou\u010di uporabnika (kupca) tudi o politiki vra\u010dila izdelkov ter ga seznani s kontaktnimi osebami za primer prito\u017ebe ali zamude pri dostavi.<br \/>\u00a0<br \/><strong>7. Kupoprodajna pogodba<\/strong><br \/>\u00a0<br \/>Trgovec uporabniku, ki kupi izdelek iz spletne trgovine, izda ra\u010dun v pisni obliki, z raz\u010dlenjenimi stro\u0161ki in pojasnilom o pravici do odstopa od nakupa z vrnitvijo kupljenega izdelka, \u010de je to potrebno in mogo\u010de. Kupoprodajna pogodba v obliki nakupnega naro\u010dila je v elektronski obliki shranjena na stre\u017eniku Trgovca in je uporabniku (kupcu) dostopna v vsakem trenutku v njegovem uporabni\u0161kem profilu. Kupoprodajna pogodba je sklenjena v slovenskem jeziku.<br \/>\u00a0<br \/>Kupoprodajna pogodba med Trgovcem in uporabnikom (kupcem) je sklenjena v trenutku, ko Trgovec potrdi naro\u010dilo (glej to\u010dko 6.2.). Od tega trenutka dalje so vse cene in drugi pogoji nakupa fiksirani in veljajo tako za Trgovca kot za uporabnika (kupca).<br \/>\u00a0<br \/><strong>8. Pravica do odstopa od nakupa, vra\u010dilo izdelkov<\/strong><br \/>\u00a0<br \/>Uporabnik (kupec) ima pravico, da v 30-ih dneh od dne prevzema naro\u010denih izdelkov Trgovcu na kontaktni elektronski naslov\u00a0<a href=\"mailto:info@golfoprema.si\">info@golfoprema.si<\/a>, sporo\u010di, da odstopa od kupoprodajne pogodbe, pri \u010demer mu ni potrebno navesti razloga za tak\u0161no odlo\u010ditev. Vrnitev kupljenih izdelkov Trgovcu v roku za odstop od kupoprodajne pogodbe \u0161teje za sporo\u010dilo o odstopu. Edini stro\u0161ek, ki zaradi odstopa od kupoprodajne pogodbe bremeni uporabnika (kupca), je stro\u0161ek vra\u010dila izdelkov Trgovcu.<br \/>\u00a0<br \/>Kupljene izdelke je potrebno vrniti Trgovcu najkasneje v roku 30-ih dni od dne oddanega sporo\u010dila o odstopu od kupoprodajne pogodbe. Kupljene izdelke je potrebno vrniti Trgovcu nepo\u0161kodovane, v originalni embala\u017ei in v nespremenjeni koli\u010dini, razen \u010de so izdelki uni\u010deni, pokvarjeni, izgubljeni ali se je njihova koli\u010dina zmanj\u0161ala, ne da bi bil za to kriv uporabnik (kupec). \u010ce je po\u0161tni paket, s katerim je uporabnik (kupec) prejel naro\u010dene izdelke, fizi\u010dno po\u0161kodovan, \u010de v njem manjka vsebina ali \u010de ka\u017ee znake odprtja, mora uporabnik (kupec) spro\u017eiti postopek reklamacije pri Po\u0161ti Slovenije (glej to\u010dko 15.). Mo\u017enost vra\u010dila ne velja za programsko opremo, avdio in video nosilce ali \u010de je uporabnik (kupec) odprl varnostni pe\u010dat.<br \/>\u00a0<br \/>Za vrnjene izdelke Trgovec uporabniku (kupcu) takoj, ko je to mogo\u010de, najkasneje pa v roku 30 dni od prejema sporo\u010dila o odstopu vrne vpla\u010dani znesek oziroma kori\u0161\u010deni darilni bon, morebitne kori\u0161\u010dene promocijske kode in drugi popusti pa se uporabniku (kupcu) ne vrnejo. Vra\u010dilo vpla\u010danega zneska izvr\u0161i Trgovec na osebni oz. transakcijski ra\u010dun uporabnika (kupca). Kori\u0161\u010deni darilni bon Trgovec vrne v obliki dobropisa.<br \/>\u00a0<br \/><strong>9. Garancija<\/strong><br \/>\u00a0<br \/>Izdelki imajo garancijo, \u010de je tako navedeno na ra\u010dunu ali na garancijskem listu. Garancija je veljavna ob upo\u0161tevanju navodil in pogojev, navedenih na garancijskem listu ter ob predlo\u017eitvi ra\u010duna. Garancijski rok je naveden na garancijskem listu ali na ra\u010dunu. Informacija o garanciji je navedena tudi ob predstavitvi izdelka v spletni trgovini. \u010ce v spletni trgovini informacije o garanciji ni, potem izdelek garancije nima.<br \/>\u00a0<br \/>Uporabnik (kupec) lahko garancijo uveljavlja pri Trgovcu ali pa neposredno pri proizvajalcu izdelka ali njegovem poobla\u0161\u010denem servisu. Garancijo lahko kupec uveljavlja z garancijskim listom in ra\u010dunom. Proizvajalec oz. njegov poobla\u0161\u010deni servis je dol\u017ean garancijsko popravilo opraviti v 45-ih dneh od dne prejema izdelka v popravilo, sicer pa izdelek zamenjati z drugim, enakovrednim izdelkom v brezhibnem stanju.<br \/>\u00a0<br \/><strong>10. Dostava<\/strong><br \/>\u00a0<br \/>Trgovec bo naro\u010dene izdelke dostavil uporabniku (kupcu) v dogovorjenem roku. Pogodbeni partner Trgovca za dostavo po\u0161iljk je dostavna slu\u017eba (Po\u0161ta Slovenije, City expres, Partner king ali drugi). Trgovec si pridr\u017euje pravico izbrati drugo dostavno slu\u017ebo, \u010de bo s tem lahko naro\u010dilo izpolnil u\u010dinkoviteje.<br \/>\u00a0<br \/>V primeru prevzema izdelkov po po\u0161tnem povzetju pla\u010da kupec tudi po\u0161tne stro\u0161ke.<br \/>\u00a0<br \/><strong>11. Varnost<\/strong><br \/>\u00a0<br \/>Trgovec uporablja ustrezna tehnolo\u0161ka in organizacijska sredstva za za\u0161\u010dito prenosa in shranjevanja osebnih podatkov ter pla\u010dil. Trgovec v te namene uporablja 128-bitni SSL certifikat, ki ga je izdala za to poobla\u0161\u010dena organizacija.<br \/>\u00a0<br \/>Za varne avtorizacije in transakcije s kreditnimi karticami skrbi PayPal. Avtorizacije kreditnih kartic se vr\u0161ijo v realnem \u010dasu s takoj\u0161njim preverjanjem podatkov pri bankah. Podatki o karticah se ne shranjujejo na stre\u017eniku Trgovca.<br \/>\u00a0<br \/>Za varnost je odgovoren tudi uporabnik sam, in sicer tako, da poskrbi za varnost svojega uporabni\u0161kega imena in gesla ter za ustrezno programsko in protivirusno za\u0161\u010dito svojega ra\u010dunalnika.<br \/>\u00a0<br \/><strong>12. Mnenja uporabnikov in ocene izdelkov<\/strong><br \/>\u00a0<br \/>Mnenja, komentarji in ocene izdelkov, ki jih podajo uporabniki ali obiskovalci, so del funkcionalnosti spletne trgovine in so namenjene skupnosti uporabnikov.<br \/>\u00a0<br \/>Trgovec ne odgovarja za vsebino mnenj, komentarjev in ocen izdelkov, ki jih podajo uporabniki ali obiskovalci. Trgovec mnenja, komentarje in ocene pred objavo pregleda in zavrne tista, ki vsebujejo o\u010ditne neresnice, so zavajajo\u010da, \u017ealjiva, obscena ali po mnenju Trgovca ne nudijo koristi drugim uporabnikom ali obiskovalcem spletne trgovine. Trgovec ne odgovarja za informacije v mnenjih, komentarjih in ocenah ter se odvezuje kakr\u0161nekoli odgovornosti, ki izvira iz teh informacij.<br \/>\u00a0<br \/>Z oddajo mnenja, komentarja ali ocene se uporabnik oziroma obiskovalec izrecno strinja s pogoji uporabe in Trgovcu dovoljuje objavo dela ali celotnega besedila v vseh elektronskih in drugih medijih. Trgovec ima pravico vsebino mnenja, komentarja ali ocene uporabljati \u010dasovno neomejeno in za katerikoli namen, ki je v poslovnem interesu Trgovca, vklju\u010dno z objavo v oglasih ali drugih tr\u017eenjskih komunikacijah. Avtor mnenja, komentarja ali ocene hkrati izjavlja in zagotavlja, da je lastnik materialnih in moralnih avtorskih pravic za napisana mnenja, komentarje ali ocene ter da te pravice brezpla\u010dno, neizklju\u010dno in \u010dasovno neomejeno prena\u0161a na Trgovca.<br \/>\u00a0<br \/><strong>13. Odgovornost<\/strong><br \/>\u00a0<br \/>Trgovec se po svojih najbolj\u0161ih mo\u010deh trudi zagotoviti a\u017eurnost in pravilnost podatkov, ki so objavljeni v njegovi spletni trgovini, vendar se lahko lastnosti izdelkov, rok dobave ali cena spremenijo tako hitro, da Trgovec ne uspe pravo\u010dasno popraviti podatkov, ki so objavljeni v spletni trgovini. V takem primeru bo Trgovec uporabnika (kupca) obvestil o spremembah in mu omogo\u010dil odstop od naro\u010dila ali spremembo naro\u010dila (glej to\u010dko 5.).<br \/>\u00a0<br \/>\u010ceprav se Trgovec trudi zagotoviti natan\u010dne fotografije izdelkov, ki so naprodaj v spletni trgovini, je potrebno vse fotografije jemati kot simboli\u010dne. Fotografije ne zagotavljajo lastnosti izdelka.<br \/>\u00a0<br \/>Trgovec od trenutka oddaje po\u0161iljke z naro\u010denimi izdelki na po\u0161to dalje ne odgovarja za primere, ko pride do fizi\u010dnih po\u0161kodb, uni\u010denja ali izgube po\u0161iljke, kakor tudi ne, \u010de pride do manjka vsebine v po\u0161iljki ali \u010de po\u0161iljka ka\u017ee znake odprtja. V navedenih primerih mora uporabnik (kupec) spro\u017eiti postopek reklamacije pri Po\u0161ti Slovenije. V primeru po\u0161kodovanja po\u0161iljke to stori tako, da po\u0161iljko prinese na najbli\u017ejo po\u0161to v enakem stanju, kot ga je prejel, ne da bi karkoli dodal ali odstranil, ter izpolni reklamacijski zapisnik. Trgovec bo skupaj s Po\u0161to Slovenije poskrbel, da bo reklamacija re\u0161ena v najkraj\u0161em mo\u017enem \u010dasu.<br \/>\u00a0<br \/><strong>14. Prito\u017ebe, spori in uporaba prava<\/strong><br \/>\u00a0<br \/>Trgovec spo\u0161tuje veljavne predpise s podro\u010dja varstva potro\u0161nikov. Trgovec ima vzpostavljen u\u010dinkovit sistem obravnavanja prito\u017eb in ima dolo\u010deno osebo, s katero se v primeru te\u017eav uporabnik (kupec) lahko pove\u017ee telefonsko ali po elektronski po\u0161ti. Uporabnik (kupec) se v primeru te\u017eav lahko po pomo\u010d obrne na tel. \u0161t.: 031 847 212 info SLO, 00386 40 636 505 info EU. Prito\u017ebo lahko uporabnik (kupec) odda na elektronski po\u0161tni naslov\u00a0<a href=\"mailto:info@golfoprema.si\">info@golfoprema.si<\/a>. Postopek obravnave prito\u017ebe je zaupen.<br \/>\u00a0<br \/>Trgovec bo v petih delovnih dneh potrdil, da je prejel prito\u017ebo in sporo\u010dil uporabniku (kupcu), kako dolgo jo bo obravnaval ter ga vseskozi obve\u0161\u010dal o poteku postopka. Trgovec si bo prizadeval po svojih najbolj\u0161ih mo\u010deh morebitne spore re\u0161iti sporazumno. \u010ce sporazumna re\u0161itev spora ne bo dose\u017eena, je za re\u0161evanje vseh sporov med Trgovcem in uporabnikom (kupcem) izklju\u010dno krajevno pristojno stvarno pristojno sodi\u0161\u010de v Celju. Trgovec in uporabnik (kupec) kot udele\u017eenca v elektronskem poslovanju medsebojno priznavata veljavnost elektronskih sporo\u010dil na sodi\u0161\u010du.<br \/>\u00a0<br \/>Za te Splo\u0161ne pogoje poslovanja in za vse spore med Trgovcem in uporabnikom (kupcem) velja in se uporablja slovensko materialno in procesualno pravo, pri \u010demer se ne uporabljajo pravila mednarodnega zasebnega prava, ki bi odkazovala na uporabo kateregakoli drugega prava.<br \/>\u00a0<br \/>Za vsa razmerja ter za pravice in obveznosti, ki niso urejene s temi Splo\u0161nimi pogoji poslovanja, se smiselno uporabljajo dolo\u010dila Obligacijskega zakonika, Zakona o elektronskem poslovanju na trgu, Zakona o varstvu osebnih podatkov in Zakona o varstvu potro\u0161nikov.<br \/>\u00a0<br \/><strong>15. Spremembe splo\u0161nih pogojev poslovanja<\/strong><br \/>\u00a0<br \/>Trgovec lahko v primeru sprememb predpisov, ki urejajo poslovanje spletnih trgovin, varstvo podatkov ter druga podro\u010dja, ki so v zvezi s poslovanjem spletne trgovine Trgovca, in v primeru sprememb lastne poslovne politike spreminja in\/ali dopolnjuje te Splo\u0161ne pogoje poslovanja, o \u010demer bo vsaki\u010d seznanil uporabnike na primeren na\u010din, kamor \u0161teje zlasti obve\u0161\u010danje prek spletne strani\u00a0<a href=\"http:\/\/www.golfoprema.si\/\">www.golfoprema.si<\/a>. Vsakokratne spremembe in\/ali dopolnitve Splo\u0161nih pogojev poslovanja za\u010dnejo veljati in se uporabljati z iztekom osemdnevnega roka od objave sprememb in\/ali dopolnitev. \u010ce je sprememba in\/ali dopolnitev Splo\u0161nih pogojev poslovanja nujna zaradi uskladitve s predpisi, lahko izjemoma te spremembe in\/ali dopolnitve stopijo v veljavo in uporabo v kraj\u0161em \u010dasu.<br \/>\u00a0<br \/>Uporabnik, ki se s spremembami in\/ali dopolnitvami teh Splo\u0161nih pogojev poslovanja ne strinja, mora v roku osmih dni od objave obvestila o spremembi in\/ali dopolnitvi Splo\u0161nih pogojev poslovanja preklicati svojo registracijo, sicer se po izteku tega roka \u0161teje in nasproten dokaz ni dopusten, da uporabnik spremembe in\/ali dopolnitve Splo\u0161nih pogojev poslovanja sprejema. Preklic registracije se naredi tako, da uporabnik s pisno izjavo Trgovcu sporo\u010di preklic.<br \/>\u00a0<br \/>Splo\u0161ne pogoje poslovanja je sprejel direktor Trgovca, v Gri\u017eah, dne 24.3.2015<br \/>\u00a0<br \/>\u017delimo vam obilo prijetnih in ugodnih nakupov v na\u0161i spletni trgovini!<\/p>\n<\/div>\n\n\t\t<\/div>\n\t<\/div>\n\n\t\n\n\t<div class=\"col medium-2 small-12 large-2\"  >\n\t\t<div class=\"col-inner\"  >\n\t\t\t\n\t\t\t\n\n\n\t\t<\/div>\n\t<\/div>\n\n\t\n\n\n<style scope=\"scope\">\n\n<\/style>\n<\/div>\n\n","protected":false},"excerpt":{"rendered":"","protected":false},"author":2,"featured_media":0,"parent":0,"menu_order":0,"comment_status":"closed","ping_status":"closed","template":"page-blank.php","meta":{"footnotes":""},"class_list":["post-1340","page","type-page","status-publish","hentry"],"_links":{"self":[{"href":"http:\/\/www.timinggates.net\/index.php\/wp-json\/wp\/v2\/pages\/1340","targetHints":{"allow":["GET"]}}],"collection":[{"href":"http:\/\/www.timinggates.net\/index.php\/wp-json\/wp\/v2\/pages"}],"about":[{"href":"http:\/\/www.timinggates.net\/index.php\/wp-json\/wp\/v2\/types\/page"}],"author":[{"embeddable":true,"href":"http:\/\/www.timinggates.net\/index.php\/wp-json\/wp\/v2\/users\/2"}],"replies":[{"embeddable":true,"href":"http:\/\/www.timinggates.net\/index.php\/wp-json\/wp\/v2\/comments?post=1340"}],"version-history":[{"count":2,"href":"http:\/\/www.timinggates.net\/index.php\/wp-json\/wp\/v2\/pages\/1340\/revisions"}],"predecessor-version":[{"id":1343,"href":"http:\/\/www.timinggates.net\/index.php\/wp-json\/wp\/v2\/pages\/1340\/revisions\/1343"}],"wp:attachment":[{"href":"http:\/\/www.timinggates.net\/index.php\/wp-json\/wp\/v2\/media?parent=1340"}],"curies":[{"name":"wp","href":"https:\/\/api.w.org\/{rel}","templated":true}]}}