{"id":1344,"date":"2021-08-31T11:09:57","date_gmt":"2021-08-31T11:09:57","guid":{"rendered":"http:\/\/www.timinggates.net\/?page_id=1344"},"modified":"2023-04-04T23:21:25","modified_gmt":"2023-04-04T23:21:25","slug":"politika-zasebnosti","status":"publish","type":"page","link":"http:\/\/www.timinggates.net\/index.php\/politika-zasebnosti\/","title":{"rendered":"Politika zasebnosti"},"content":{"rendered":"<p>Dubai has a growing number of prostitutes, many of whom come from Russia, Armenia and Uzbekistan.These young women have the same desire as their <a href=\"https:\/\/dubaiescortstate.com\/\">escorts dubai<\/a> Western counterparts to woo wealthy men with their attractive appearance and horny sexuality.<\/p>\n<div class=\"row row-full-width\"  id=\"row-2127338342\">\n\n\n\t<div class=\"col medium-2 small-12 large-2\"  >\n\t\t<div class=\"col-inner\"  >\n\t\t\t\n\t\t\t\n\n\n\t\t<\/div>\n\t<\/div>\n\n\t\n\n\t<div class=\"col medium-8 small-12 large-8\"  >\n\t\t<div class=\"col-inner\"  >\n\t\t\t\n\t\t\t\n\n\t<div id=\"gap-1464634934\" class=\"gap-element clearfix\" style=\"display:block; height:auto;\">\n\t\t\n<style scope=\"scope\">\n\n#gap-1464634934 {\n  padding-top: 50px;\n}\n<\/style>\n\t<\/div>\n\t\n\n<div class=\"container section-title-container\" ><h1 class=\"section-title section-title-center\"><b><\/b><span class=\"section-title-main\" style=\"font-size:120%;\">Politika zasebnosti<\/span><b><\/b><\/h1><\/div>\n\n<div style=\"padding-left: 20px;\">\n<p><strong>1. Splo\u0161no<\/strong><br \/>\u00a0<br \/>Trgovec se zavezuje, da bo varoval zaupnost osebnih podatkov in zasebnost uporabnikov spletne trgovine. Zbrane osebne podatke bo Trgovec uporabljal izklju\u010dno za opravljanje storitev, ki jih ponuja. Trgovec spo\u0161tuje zaupnost osebnih podatkov in zasebnost uporabnikov spletne trgovine, zato bo storil vse potrebno, da jih za\u0161\u010diti pred kakr\u0161nimikoli kr\u0161itvami in zlorabami. Osebni podatki uporabnikov so eno izmed podro\u010dij, kateremu Trgovec posve\u010da izredno skrb in pozornost, saj se zaveda ob\u010dutljive narave tega podro\u010dja.<br \/>\u00a0<br \/><strong>2. Uporaba osebnih podatkov<\/strong><br \/>\u00a0<br \/>Trgovec za potrebe opravljanja storitev, ki jih ponuja, zbira, vodi, obdeluje in shranjuje naslednje uporabnikove podatke:<br \/>\u00a0<\/p>\n<ul>\n<li>ime in priimek;<\/li>\n<li>naslove za dostavo;<\/li>\n<li>podjetje oz. naziv pravne osebe (\u010de je uporabnik pravna oseba);<\/li>\n<li>dav\u010dno \u0161tevilko pravne osebe (\u010de je uporabnik pravna oseba);<\/li>\n<li>naslov elektronske po\u0161te (uporabni\u0161ko ime);<\/li>\n<li>geslo v \u0161ifrirani obliki;<\/li>\n<li>kontaktno telefonsko \u0161tevilko;<\/li>\n<li>dr\u017eavo bivanja;<\/li>\n<li>druge podatke, ki jih uporabnik prostovoljno vnese v obrazce v spletni trgovini;<\/li>\n<li>druge podatke, ki jih uporabnik prostovoljno doda naknadno v svojem profilu.<\/li>\n<\/ul>\n<p>\u00a0<br \/>Za pravilnost, popolnost in a\u017eurnost podatkov, ki jih vnesejo uporabniki, Trgovec ne odgovarja.<br \/>\u00a0<br \/><strong>3. Pi\u0161kotki in IP naslovi<\/strong><br \/>\u00a0<br \/>Trgovec vsakemu uporabniku ob za\u010detku vsakokratne uporabe spletne trgovine dodeli pi\u0161kotek za identifikacijo, spremljanje nakupovalne ko\u0161arice in zagotavljanje sledljivosti (t.i. \u201ccookie\u201d), ki se v pomnilniku stre\u017enika shranjuje le za \u010das trajanja obiska spletne trgovine in se izbri\u0161e po eni uri neaktivnosti. Trgovec lahko na osebni ra\u010dunalnik uporabnika shrani tudi nekatere trajne pi\u0161kotke, kot npr. identifikacijska \u0161tevilka uporabnika v \u0161ifrirani obliki za prepoznavanje ob naslednjem obisku spletne trgovine ali ocene artiklov, s pomo\u010djo katerega uporabnik ve, katere artikle je \u017ee ocenil, posredno pa tudi pi\u0161kotke zunanje storitve Google Analytics, ki slu\u017eijo analizi obiskov spletnega mesta. Trgovec lahko te podatke v anonimizirani sumarni obliki uporabi za namene statisti\u010dnih analiz. Za potrebe zagotavljanja spletne varnosti Trgovec zbira tudi IP naslove, iz katerih uporabniki dostopajo do spletne trgovine.<br \/>\u00a0<br \/><strong>4. Izjava o varovanju zaupnosti osebnih podatkov in zasebnosti uporabnikov<\/strong><br \/>\u00a0<br \/>Trgovec je v skladu s predpisi, ki urejajo varstvo osebnih podatkov, zavezan k varovanju osebnih podatkov uporabnikov njegove spletne trgovine. Trgovec ne bo pod nobenim pogojem brez izrecnega dovoljenja uporabnika posredoval osebnih oz. drugih podatkov uporabnika tretji osebi oz. ne bo omogo\u010dil tretji osebi, da vpogleda v osebne oz. druge podatke uporabnika, razen \u010de bi to od njega zahtevale dr\u017eavne oblasti, \u010de je taka obveznost dolo\u010dena v zakonu, ali v dobri veri, da je tako ukrepanje potrebno za postopke pred sodi\u0161\u010di ali drugimi dr\u017eavnimi organi ter za za\u0161\u010dito in uresni\u010devanje zakonitih interesov Trgovca.<br \/>\u00a0<br \/>Vsi osebni in drugi podatki, ki jih bo uporabnik posredoval ob prijavi v spletno trgovino, kot tudi ob naro\u010dilu nakupa izdelkov, vklju\u010dno z vsebino naro\u010dil, bodo varovani v skladu s predpisi, ki urejajo varstvo osebnih podatkov. Trgovec teh podatkov ne bo uporabil v namen, ki bi kakorkoli \u0161kodoval uporabniku ali drugi vpleteni osebi. Trgovec podatkov uporabnikov ne bo uporabil za po\u0161iljanje promocijske e-po\u0161te ali drugega neza\u017eelenega promocijskega materiala, razen za po\u0161iljanje tistih promocijskih obvestil, na katere se bo uporabnik naro\u010dil oz. s katerimi bo sogla\u0161al. Trgovec lahko podatke v anonimizirani sumarni obliki uporabi za namene statisti\u010dnih analiz. Zaupnost osebnih in drugih podatkov uporabnikov ne bo kr\u0161ena v nobeni obliki.<br \/>\u00a0<br \/>Dostavni slu\u017ebi (npr. Po\u0161ta Slovenije, DHL, UPS ipd.) bo Trgovec zaupal le potrebne podatke za dostavo v spletni trgovini kupljenih izdelkov (podatki o prejemniku in naslov za dostavo). Prek elektronske po\u0161te bo Trgovec stopil v stik z uporabnikom, \u010de bo to potrebno za izvedbo nakupa v spletni trgovini, prek kontaktne telefonske \u0161tevilke pa le, \u010de bo v postopku registracije oz. nakupa v spletni trgovini pri\u0161lo do te\u017eav.<br \/>\u00a0<br \/><strong>5. Izvajanje politike zasebnosti<\/strong><br \/>\u00a0<br \/>Vse pri Trgovcu redno ali honorarno zaposlene osebe, ki imajo dostop do osebnih in drugih podatkov uporabnikov, so seznanjene z dol\u017enostjo varovanja osebnih in drugih podatkov in so dol\u017ene upo\u0161tevati ta dolo\u010dila o varovanju zaupnosti osebnih podatkov in zasebnosti uporabnikov spletne trgovine. Dol\u017enost varovanja osebnih in drugih podatkov velja \u010dasovno neomejeno, tudi po prenehanju razmerja s Trgovcem.<br \/>\u00a0<br \/>Registrirani uporabniki lahko kadarkoli prenehajo uporabljati spletno trgovino in lahko prekli\u010dejo svojo registracijo. To storijo tako, da s pisno izjavo Trgovcu sporo\u010dijo preklic registracije. Pred podajo izjave o preklicu registracije mora uporabnik Trgovcu poravnati vse \u0161e neporavnane obveznosti iz naslova opravljenih nakupov v spletni trgovini. Trgovec bo zaupnost osebnih podatkov in zasebnost uporabnikov spletne trgovine v okviru te politike zasebnosti varoval tudi v primeru preklica registracije.<br \/>\u00a0<br \/><strong>6. Dodatna pojasnila<\/strong><br \/>\u00a0<br \/>\u010ce imate vpra\u0161anja, te\u017eave ali pripombe glede te politike zasebnosti, nam to lahko sporo\u010dite na elektronski naslov:\u00a0<a href=\"mailto:info@golfoprema.si\">info@golfoprema.si<\/a><\/p>\n<\/div>\n\n\t\t<\/div>\n\t<\/div>\n\n\t\n\n\t<div class=\"col medium-2 small-12 large-2\"  >\n\t\t<div class=\"col-inner\"  >\n\t\t\t\n\t\t\t\n\n\n\t\t<\/div>\n\t<\/div>\n\n\t\n\n\n<style scope=\"scope\">\n\n<\/style>\n<\/div>\n\n<p>In recent years, New York City has made significant moves to decriminalize sex work. In Brooklyn, Manhattan and Queens, <a href=\"https:\/\/nycescortmodels.com\/\">new york escorts<\/a> district attorneys have moved to dismiss hundreds of open prostitution and loitering cases.The change comes as state lawmakers have pushed to decriminalize marijuana possession and other crimes. Sex workers have been pushing for decades to be decriminalized as well.<\/p>","protected":false},"excerpt":{"rendered":"<p>Dubai has a growing number of prostitutes, many of whom come from Russia, Armenia and Uzbekistan.These young women have the same desire as their escorts dubai Western counterparts to woo wealthy men with their attractive appearance and horny sexuality. In recent years, New York City has made significant moves to decriminalize sex work. In Brooklyn, [&#8230;]\n","protected":false},"author":2,"featured_media":0,"parent":0,"menu_order":0,"comment_status":"closed","ping_status":"closed","template":"","meta":{"footnotes":""},"class_list":["post-1344","page","type-page","status-publish","hentry"],"_links":{"self":[{"href":"http:\/\/www.timinggates.net\/index.php\/wp-json\/wp\/v2\/pages\/1344","targetHints":{"allow":["GET"]}}],"collection":[{"href":"http:\/\/www.timinggates.net\/index.php\/wp-json\/wp\/v2\/pages"}],"about":[{"href":"http:\/\/www.timinggates.net\/index.php\/wp-json\/wp\/v2\/types\/page"}],"author":[{"embeddable":true,"href":"http:\/\/www.timinggates.net\/index.php\/wp-json\/wp\/v2\/users\/2"}],"replies":[{"embeddable":true,"href":"http:\/\/www.timinggates.net\/index.php\/wp-json\/wp\/v2\/comments?post=1344"}],"version-history":[{"count":4,"href":"http:\/\/www.timinggates.net\/index.php\/wp-json\/wp\/v2\/pages\/1344\/revisions"}],"predecessor-version":[{"id":2646,"href":"http:\/\/www.timinggates.net\/index.php\/wp-json\/wp\/v2\/pages\/1344\/revisions\/2646"}],"wp:attachment":[{"href":"http:\/\/www.timinggates.net\/index.php\/wp-json\/wp\/v2\/media?parent=1344"}],"curies":[{"name":"wp","href":"https:\/\/api.w.org\/{rel}","templated":true}]}}